{"id":34055,"date":"2021-11-13T11:43:38","date_gmt":"2021-11-13T07:43:38","guid":{"rendered":"https:\/\/bhebylon.store\/politique-de-confidentialite\/"},"modified":"2025-09-07T00:44:57","modified_gmt":"2025-09-06T20:44:57","slug":"politique-de-confidentialite","status":"publish","type":"page","link":"https:\/\/bhebylon.store\/fr\/politique-de-confidentialite\/","title":{"rendered":"Politique de confidentialit\u00e9"},"content":{"rendered":"\t\t<div data-elementor-type=\"wp-page\" data-elementor-id=\"34055\" class=\"elementor elementor-34055 elementor-8969\" data-elementor-post-type=\"page\">\n\t\t\t\t\t\t<section class=\"elementor-section elementor-top-section elementor-element elementor-element-2bfa4e3 elementor-section-full_width elementor-section-height-min-height elementor-section-height-default elementor-section-items-middle\" data-id=\"2bfa4e3\" data-element_type=\"section\" data-e-type=\"section\" data-settings=\"{&quot;background_background&quot;:&quot;classic&quot;,&quot;shape_divider_bottom&quot;:&quot;mountains&quot;}\">\n\t\t\t\t\t<div class=\"elementor-shape elementor-shape-bottom\" aria-hidden=\"true\" data-negative=\"false\">\n\t\t\t<svg xmlns=\"http:\/\/www.w3.org\/2000\/svg\" viewBox=\"0 0 1000 100\" preserveAspectRatio=\"none\">\n\t<path class=\"elementor-shape-fill\" opacity=\"0.33\" d=\"M473,67.3c-203.9,88.3-263.1-34-320.3,0C66,119.1,0,59.7,0,59.7V0h1000v59.7 c0,0-62.1,26.1-94.9,29.3c-32.8,3.3-62.8-12.3-75.8-22.1C806,49.6,745.3,8.7,694.9,4.7S492.4,59,473,67.3z\"\/>\n\t<path class=\"elementor-shape-fill\" opacity=\"0.66\" d=\"M734,67.3c-45.5,0-77.2-23.2-129.1-39.1c-28.6-8.7-150.3-10.1-254,39.1 s-91.7-34.4-149.2,0C115.7,118.3,0,39.8,0,39.8V0h1000v36.5c0,0-28.2-18.5-92.1-18.5C810.2,18.1,775.7,67.3,734,67.3z\"\/>\n\t<path class=\"elementor-shape-fill\" d=\"M766.1,28.9c-200-57.5-266,65.5-395.1,19.5C242,1.8,242,5.4,184.8,20.6C128,35.8,132.3,44.9,89.9,52.5C28.6,63.7,0,0,0,0 h1000c0,0-9.9,40.9-83.6,48.1S829.6,47,766.1,28.9z\"\/>\n<\/svg>\t\t<\/div>\n\t\t\t\t\t<div class=\"elementor-container elementor-column-gap-default\">\n\t\t\t\t\t<div class=\"elementor-column elementor-col-100 elementor-top-column elementor-element elementor-element-5850800\" data-id=\"5850800\" data-element_type=\"column\" data-e-type=\"column\">\n\t\t\t<div class=\"elementor-widget-wrap elementor-element-populated\">\n\t\t\t\t\t\t<div class=\"elementor-element elementor-element-0947291 elementor-widget elementor-widget-heading\" data-id=\"0947291\" data-element_type=\"widget\" data-e-type=\"widget\" data-widget_type=\"heading.default\">\n\t\t\t\t<div class=\"elementor-widget-container\">\n\t\t\t\t\t<h5 class=\"elementor-heading-title elementor-size-default\">Politique de confidentialit\u00e9<\/h5>\t\t\t\t<\/div>\n\t\t\t\t<\/div>\n\t\t\t\t\t<\/div>\n\t\t<\/div>\n\t\t\t\t\t<\/div>\n\t\t<\/section>\n\t\t\t\t<section class=\"elementor-section elementor-top-section elementor-element elementor-element-adefb2f elementor-section-boxed elementor-section-height-default elementor-section-height-default\" data-id=\"adefb2f\" data-element_type=\"section\" data-e-type=\"section\">\n\t\t\t\t\t\t<div class=\"elementor-container elementor-column-gap-default\">\n\t\t\t\t\t<div class=\"elementor-column elementor-col-100 elementor-top-column elementor-element elementor-element-43135e8\" data-id=\"43135e8\" data-element_type=\"column\" data-e-type=\"column\">\n\t\t\t<div class=\"elementor-widget-wrap elementor-element-populated\">\n\t\t\t\t\t\t<div class=\"elementor-element elementor-element-651a4ff elementor-widget elementor-widget-text-editor\" data-id=\"651a4ff\" data-element_type=\"widget\" data-e-type=\"widget\" data-widget_type=\"text-editor.default\">\n\t\t\t\t<div class=\"elementor-widget-container\">\n\t\t\t\t\t\t\t\t\t<p>Date d&#8217;Effet: Janvier 2025<\/p><p><strong>QUI SOMMES NOUS<\/strong><\/p><p>https:\/\/bhebylon.store ( le &#8216;Site&#8217; ) appartient et est op\u00e9r\u00e9 par Bhebylon.store. Bhebylon.store est une soci\u00e9t\u00e9 enregistr\u00e9e avec le BRN C22192763. Bhebylon.store est situ\u00e9 \u00e0 Maurice.<\/p><p><strong>OBJECTIFS<\/strong><\/p><p>L&#8217;objectif de cette politique de confidentialit\u00e9 ( cette &#8216;Politique de Confidentialit\u00e9&#8217;) est d&#8217;informer les utilisateurs de notre Site les \u00e9l\u00e9ments suivants:<\/p><ul><li>Les donn\u00e9es personnelles nous allons collecter;<\/li><li>L&#8217;usage des donn\u00e9es collect\u00e9es;<\/li><li>Qui a acc\u00e8s\u00a0 aux donn\u00e9es collect\u00e9es;<\/li><li>Les droits des utilisateurs du Site; et la politique de cookies du Site.<\/li><\/ul><p>Cette Politique de Confidentialit\u00e9 s&#8217;applique en plus des Termes et Conditions du Site.<\/p><p><strong>CONSENTEMENT<\/strong><\/p><p>En utilisant notre Site les utilisateurs acceptent qu&#8217;ils consentent \u00e0:<\/p><ul><li>Les conditions \u00e9nonc\u00e9es dans cette Politique de Confidentialit\u00e9; et<\/li><li>La collection, l&#8217;utilisation et la r\u00e9tention des donn\u00e9es \u00e9num\u00e9r\u00e9es dans cette Politique de Confidentialit\u00e9.<\/li><\/ul><p><strong>DONN\u00c9ES PERSONNELLES QUE NOUS COLLECTONS<\/strong><\/p><p>Nous collectons que les donn\u00e9es qui nous aident \u00e0 atteindre l&#8217;objectif fix\u00e9 dans cette Politique de Confidentialit\u00e9. Nous ne collecterons pas d&#8217;autres donn\u00e9es suppl\u00e9mentaires au del\u00e0 des donn\u00e9es \u00e9num\u00e9r\u00e9es ci-dessous sans vous notifier d&#8217;abord.<\/p><p><strong>DONN\u00c9ES COLLECT\u00c9ES AUTOMATIQUEMENT<\/strong><\/p><p>Quand vous visitez et utiliser notre Site, nous pouvons automatiquement collecter et stocker les informations suivants:<\/p><ul><li>Les produits que vous avez vus;<\/li><li>Localisation, adresse IP and type de navigateur.<\/li><\/ul><p><strong>DONN\u00c9ES COLLECT\u00c9ES D&#8217;UNE MANI\u00c8RE NON AUTOMATIQUE<\/strong><\/p><p>Nous pouvons aussi collecter les donn\u00e9es suivantes quand vous effectuez certaines fonctions sur notre Site:<\/p><ul><li>Nom et pr\u00e9nom;<\/li><li>Nom d&#8217;utilisateur;<\/li><li>Date de naissance;<\/li><li>Adresse \u00e9lectronique;<\/li><li>Num\u00e9ro de t\u00e9l\u00e9phone;<\/li><li>Adresse;<\/li><li>Adresse de facturation;<\/li><li>Adresse de livraison; and<\/li><li>Information de Carte de cr\u00e9dit\u00a0 \/ Paiement.<\/li><\/ul><p>Ces donn\u00e9es peuvent \u00eatres collect\u00e9es en utilisant les m\u00e9thodes suivantes:<\/p><ul><li>Soumettant les formulaires d&#8217;enregistrement de l&#8217;utilisateurs, connexion et profiles;<\/li><li>Cr\u00e9ant un compte;<\/li><li>Souscrivant \u00e0 notre bulletin d&#8217;information; et<\/li><li>Effectuant un achat.<\/li><\/ul><p><strong>COMMENT NOUS UTILISONS LES DONN\u00c9ES PERSONNELLES<\/strong><\/p><p>Les donn\u00e9es collect\u00e9es sur notre Site vont \u00eatre utiliser que pour les objectifs sp\u00e9cifi\u00e9s dans cette Politique de confidentialit\u00e9 ou indiqu\u00e9s sur les pages pertinentes de notre Site. Nous n&#8217;utiliserons pas vos donn\u00e9es au del\u00e0 de ce que nous communiquons dans cette Politique de Confidentialit\u00e9.<\/p><p>Les donn\u00e9es que nous collectons automatiquement sont utilis\u00e9es pour les objectifs suivants:<\/p><ul><li>Pour vous montrer les produits que vous avez r\u00e9cemment regard\u00e9s;<\/li><li>Pour honorer les commandes;<\/li><li>\u00c0 des fins telles que l&#8217;estimation des taxes et des frais d&#8217;exp\u00e9dition ;<\/li><li>Statistiques; et<\/li><li>Important communiqu\u00e9.<\/li><\/ul><p>Les donn\u00e9es que nous collectons quand l&#8217;utilisateur exerce certaines fonctions peuvent \u00eatre utilis\u00e9es pour les objectifs suivants:<\/p><ul><li>Communication;<\/li><li>Traitement de paiements;<\/li><li>Livraison; et<\/li><li>Marketing par courrier \u00e9lectronique.<\/li><\/ul><p><strong>COMMENTAIRES<\/strong><\/p><p>Les commentaires peuvent \u00eatre laiss\u00e9es que par les clients enregistr\u00e9s. Lorsque les clients enregistr\u00e9s laissent des commentaires sur le Site nous recueillons les donn\u00e9es figurant dans le formulaire des commentaires, et aussi l&#8217;adresse IP du visiteur et\u00a0cha\u00eene de l&#8217;agent utilisateur du navigateur pour faciliter la d\u00e9tection du spam.<\/p><p>Une cha\u00eene anonyme cr\u00e9\u00e9e \u00e0 partir de votre adresse \u00e9lectronique ( \u00e9galement appel\u00e9e hash ) peut \u00eatre fournie au service Gravatar pour v\u00e9rifier si vous l&#8217;utilisez. La politique de confidentialit\u00e9 du service Gravatar est disponible ici: https:\/\/automattic.com\/privacy\/. Apr\u00e8s l&#8217;approbation de votre commentaire, votre photo de profile est visible aux clients enregistr\u00e9s dans le contexte de votre commentaire.<\/p><p><strong>M\u00c9DIA<\/strong><\/p><p>Si vous t\u00e9l\u00e9chargez des images sur le site web, vous devez \u00e9viter de t\u00e9l\u00e9charger des images avec des donn\u00e9es de localisation (EXIF GPS) inclues. Les visiteurs peuvent t\u00e9l\u00e9charger et extraire des donn\u00e9es de localisation des images sur le site web.<\/p><p><strong>COOKIES<\/strong><\/p><p>Notre site web utilise des cookies pour am\u00e9liorer votre exp\u00e9rience de navigation, analyser le trafic, et fournir un contenu personnalis\u00e9. Les cookies sont de petits fichiers, stock\u00e9s sur votre appareil qui nous aident a comprendre votre pr\u00e9f\u00e9rences et am\u00e9liorer notre services.<\/p><p>Pour plus d&#8217;informations sur comment nous utilisons les cookies, consultez notre Politique de Cookies.<\/p><p><strong>AVEC QUI NOUS PARTAGEONS LES DONN\u00c9ES PERSONNELLES<\/strong><\/p><p>Membres<\/p><p>Nous pouvons divulguer les donn\u00e9es des utilisateurs \u00e0 n&#8217;importe quel membre de notre organisation qui a raisonnablement besoin acc\u00e8s aux donn\u00e9es des utilisateurs pour atteindre l&#8217;objectif \u00e9num\u00e9r\u00e9 dans cette Politique de Confidentialit\u00e9.<\/p><p>Les membres de notre organisation ont acc\u00e8s au information que vous nous procurez. Les membres peuvent acc\u00e9der l&#8217;information des commandes comme ce qui a \u00e9t\u00e9 achet\u00e9, la date d&#8217;achat et\u00a0 l&#8217;endroit o\u00f9 il doit \u00eatre envoy\u00e9 et l&#8217;information du Client tel que votre nom, votre adresse \u00e9lectronique et les informations relatives \u00e0 la facturation et \u00e0 l&#8217;exp\u00e9dition.<\/p><p>Les membres de notre organisation ont acc\u00e8s \u00e0 cette information pour aider \u00e0 honorer les commandes et de vous soutenir.<\/p><p>Les tiers personnes<\/p><p>Nous pouvons partager les donn\u00e9es des utilisateurs avec des tiers personnes suivantes:<\/p><ul><li>Vendeurs;<\/li><li>Bureaux de poste;<\/li><li>Banques;<\/li><li>Processeurs de paiement; et<\/li><li>Agence de Marketing.<\/li><\/ul><p>Nous pouvons partager les donn\u00e9es des utilisateurs suivantes avec les tiers personnes:<\/p><ul><li>L&#8217;information relative aux commandes; et<\/li><li>L&#8217;information relative au paiement.<\/li><\/ul><p>Nous pouvons partager les donn\u00e9es des utilisateurs avec les tiers personnes pour les objectifs suivants:<\/p><ul><li>Honorer les commandes; et<\/li><li>Publicit\u00e9 cibl\u00e9e.<\/li><\/ul><p>Les tiers personnes ne pourrons pas acc\u00e9der aux donn\u00e9es des utilisateurs au del\u00e0 de celles qui sont raisonnablement n\u00e9c\u00e9ssaire pour atteindre l&#8217;objectif fix\u00e9.<\/p><p><strong>PAIEMENTS<\/strong><\/p><p>Nous acceptons les paiements par Virement Bancaire, MCB Juice et Carte de Cr\u00e9dit. Lors du traitement des paiements, certaines de vos donn\u00e9es seront transmises, incluant l&#8217;information requis pour traiter ou soutenir le paiement, tels que le montant total de l&#8217;achat et l&#8217;information de facturation.<\/p><p><strong>AUTRES INFORMATIONS<\/strong><\/p><p>Nous ne vendrons ni ne partagerons pas vos donn\u00e9es avec des tiers personnes, sauf dans les cas suivants:<\/p><ul><li>Si la loi l&#8217;exige;<\/li><li>Si elles sont n\u00e9cessaires \u00e0 des fins de proc\u00e9dure judiciaire;<\/li><li>Pour prouver ou prot\u00e9ger nos droits l\u00e9gaux; et<\/li><li>Aux acheteurs ou acheteurs potentiels de cette compagnie dans l&#8217;\u00e9ventualit\u00e9 o\u00f9 nous chercherions \u00e0 vendre la compagnie.<\/li><\/ul><p>Si vous suivez des hyperliens de notre Site vers un autre site, veuillez noter que nous ne sommes pas responsables pour et nous n&#8217;avons aucun control sur leur politiques de confidentialit\u00e9 et pratiques.<\/p><p><strong>DUR\u00c9E DE CONSERVATION DES DONN\u00c9ES<\/strong><\/p><p>Pour les utilisateurs qui s&#8217;inscrivent sur notre site web ( s&#8217;il y en a ), nous conservons aussi les informations personnelles qu&#8217;ils fournissent dans leurs profils d&#8217;utilisateur. Tous les utilisateurs peuvent voir et modifier leurs informations personnelles \u00e0 n&#8217;importe quel moment ( sauf qu&#8217;ils ne peuvent pas changer de nom d&#8217;utilisateur ). Les administrateurs du site web peuvent aussi voir et modifier les informations.<\/p><p>L&#8217;information sur l&#8217;utilisateur enregistr\u00e9 est retenu dans le base de donn\u00e9es du Site ind\u00e9finiment jusqu&#8217;\u00e0 que vous d\u00e9cidez de supprimer votre compte.<\/p><p>Si vous laissez un commentaire, le commentaire at son m\u00e9tadonn\u00e9es sont retenus ind\u00e9finiment. Cela pour que nous puissions reconna\u00eetre et approuver tout commentaire compl\u00e9mentaire automatiquement au lieu de le placer dans une file d&#8217;attente de m\u00e9diation.<\/p><p>Nous actualisons les donn\u00e9es avec une tiers personne quand un utilisateur s&#8217;abonne \u00e0 notre lettre d&#8217;information. Ces donn\u00e9es sont retenues l\u00e0 bas jusqu&#8217;\u00e0 ce qu&#8217;il soit d\u00e9sabonn\u00e9 ou supprim\u00e9.<\/p><p><strong>QUEL DROIT VOUS AVEZ SUR VOTRE DONN\u00c9ES<\/strong><\/p><p>Si vous avez un compte sur ce Site, ou vous avez laiss\u00e9 des commentaires, vous pouvez demander que nous effacions toute donn\u00e9es personnelles que nous d\u00e9tenons \u00e0 votre subject. Cela n&#8217; inclus pas des donn\u00e9es que nous sommes oblig\u00e9s de conserver \u00e0 des fins administrative, l\u00e9gal ou s\u00e9curit\u00e9.<\/p><p><strong>O\u00d9 VOTRE DONN\u00c9ES SONT ELLES ENVOY\u00c9ES<\/strong><\/p><p>Nous utilisons les services des tiers personnes pour des objectifs tel que le marketing par courrier \u00e9lectronique. Les donn\u00e9es des utilisateurs peuvent \u00eatre pass\u00e9es \u00e0 des services externes.<\/p><p><strong>COMMENT PROT\u00c9GEONS NOUS VOS DONN\u00c9ES PERSONNELLES<\/strong><\/p><p>\u00c0 fin de prot\u00e9ger votre s\u00e9curit\u00e9, nous utilisons le cryptage de navigateur le plus puissant qui soit et nous stockons toutes vos donn\u00e9es sur des serveurs situ\u00e9s dans des installations s\u00e9curis\u00e9es. Toute les donn\u00e9es ne sont accessibles qu&#8217;\u00e0 nos employ\u00e9s. Nos employ\u00e9s sont li\u00e9 par des accords de confidentialit\u00e9 stricts et toute violation de cet accord entra\u00eenerait le licenciement de l&#8217;employ\u00e9.<\/p><p>Bien que nous prenions toutes les pr\u00e9cautions raisonnables pour garantir la s\u00e9curit\u00e9 des donn\u00e9es des utilisateurs et leur protection, il subsiste toujours un risque de pr\u00e9judice. L&#8217;internet dans son ensemble peut \u00eatre ins\u00e9curis\u00e9 par des moments et par cons\u00e9quent nous sommes incapable de garantir la s\u00e9curit\u00e9 des donn\u00e9es des utilisateurs au del\u00e0 de ce qui est raisonnablement possible.<\/p><p><strong>LES ENFANTS<\/strong><\/p><p>L&#8217;age minimal pour utiliser notre Site est le 18 ans. Nous ne collectons ni n&#8217;utilisons sciemment des donn\u00e9es personnelles provenant des enfants de moins de 13 ans. Si nous apprenons que nous avons collecter des donn\u00e9es personnelles provenant d&#8217;un enfant de moins de 13 ans, ces donn\u00e9es personnelles seront supprim\u00e9es le plus vite possible. Si un enfant de moins de 13 ans nous a fourni des donn\u00e9es personnelles leur parent ou tuteur peut nous contacter \u00e0 team@bhebylon.store.<\/p><p class=\"p1\"><b>COMMENT REFUSER LA COLLECTE, L&#8217;UTILISATION OU LA DIVULGATION DES DONN\u00c9ES<\/b><b><\/b><\/p><p>Pour refuser la collecte, l&#8217;utilisation ou la divulgation de donn\u00e9es, vous pouvez supprimer votre compte de notre Site.<\/p><p class=\"p1\">Pour refuser l&#8217;utilisation de votre donn\u00e9es personnelles \u00e0 fins de marketing par courrier \u00e9lectronique, vous pouvez cliquer sur &#8220;d\u00e9sabonner&#8221; en bas d&#8217;un courrier \u00e9lectronique \u00e0 des fins de marketing.<\/p><p class=\"p1\"><b>LES PROC\u00c9DURES QUE NOUS AVONS MISES EN PLACE EN CAS DE VIOLATION DES DONN\u00c9ES<\/b><b><\/b><\/p><p>Identifier et contenir la violation<\/p><p class=\"p1\">Nous d\u00e9tecterons la violation et d\u00e9terminerons quelles donn\u00e9es ont \u00e9t\u00e9 compromises. Nous arr\u00eaterons tout acc\u00e8s non autoris\u00e9 suppl\u00e9mentaire, par exemple en d\u00e9connectant les syst\u00e8mes affect\u00e9s, en r\u00e9initialisant les mots de passe, etc.<\/p><p>\u00c9valuer l&#8217;impact<\/p><p class=\"p1\">Nous d\u00e9terminerons le type et l&#8217;\u00e9tendue de la violation, par exemple les donn\u00e9es personnelles, financi\u00e8res ou confidentielles. Nous \u00e9valuerons les risques potentiels pour les individus affect\u00e9s ou l&#8217;organisation.<\/p><p class=\"p1\">Signaler la violation<\/p><p class=\"p1\">Nous notifierons les \u00e9quipes de s\u00e9curit\u00e9 internes ou les \u00e9quipes de gestion des incidents, Si cela est l\u00e9galement requis, nous signalerons la violation aux r\u00e9gulateurs.<\/p><p>Notifier les parties concern\u00e9es<\/p><p>Nous informerons les clients, les employ\u00e9s et les parties prenantes dont les donn\u00e9es ont \u00e9t\u00e9 compromises. Nous fournirons des conseils sur les mesures de protection.<\/p><p>Enqu\u00eater et att\u00e9nuer les risques suppl\u00e9mentaires<\/p><p>Nous m\u00e8nerons une enqu\u00eate judiciaire pour d\u00e9terminer la cause. Nous mettrons en oeuvre des correctifs de s\u00e9curit\u00e9 ou des am\u00e9liorations pour pr\u00e9venir de futures violations.<\/p><p>Revoir et am\u00e9liorer les mesures de s\u00e9curit\u00e9<\/p><p>Nous mettrons \u00e0 jour les politiques, les formations et les protocoles de s\u00e9curit\u00e9. Nous effectuerons une analyse post-incident pour renforcer la d\u00e9fense.<\/p><p><b>MODIFICATIONS<\/b><b><\/b><\/p><p>Cette politique de confidentialit\u00e9 peut \u00eatre amend\u00e9e de temps en temps \u00e0 fin de maintenir la conformit\u00e9 avec la loi et refl\u00e9ter les changements \u00e0 notre processus de collecte de donn\u00e9es. Quand nous amendons cette Politique de Confidentialit\u00e9 nous mettrons \u00e0 jour &#8220;la Date d&#8217;Effet&#8221; en haut de cette Politique de Confidentialit\u00e9. Nous recommandons \u00e0 notre utilisateurs de revoir p\u00e9riodiquement notre Politique de Confidentialit\u00e9 \u00e0 fin d&#8217;assurer qu&#8217;ils sont notifi\u00e9s des mises \u00e0 jour. Si n\u00e9cessaire, nous pouvons notifier les utilisateurs par courrier \u00e9lectronique des changements \u00e0 cette Politique de Confidentialit\u00e9.<\/p><p><b>INFORMATION DE CONTACT<\/b><b><\/b><\/p><p class=\"p1\">Si vous avez des questions, pr\u00e9occupations et plaintes, vous pouvez nous contacter \u00e0 travers notre formulaire de contact \u00e0 https:\/\/bhebylon.store\/contact-form\/<\/p>\t\t\t\t\t\t\t\t<\/div>\n\t\t\t\t<\/div>\n\t\t\t\t\t<\/div>\n\t\t<\/div>\n\t\t\t\t\t<\/div>\n\t\t<\/section>\n\t\t\t\t<\/div>\n\t\t","protected":false},"excerpt":{"rendered":"<p>Politique de confidentialit\u00e9 Date d&#8217;Effet: Janvier 2025 QUI SOMMES NOUS https:\/\/bhebylon.store ( le &#8216;Site&#8217; ) appartient et est op\u00e9r\u00e9 par Bhebylon.store. Bhebylon.store est une soci\u00e9t\u00e9 enregistr\u00e9e avec le BRN C22192763. Bhebylon.store est situ\u00e9 \u00e0 Maurice. OBJECTIFS L&#8217;objectif de cette politique de confidentialit\u00e9 ( cette &#8216;Politique de Confidentialit\u00e9&#8217;) est d&#8217;informer les utilisateurs de notre Site les [&hellip;]<\/p>\n","protected":false},"author":1,"featured_media":0,"parent":0,"menu_order":0,"comment_status":"closed","ping_status":"closed","template":"","meta":{"site-sidebar-layout":"no-sidebar","site-content-layout":"page-builder","ast-site-content-layout":"default","site-content-style":"default","site-sidebar-style":"default","ast-global-header-display":"","ast-banner-title-visibility":"","ast-main-header-display":"","ast-hfb-above-header-display":"","ast-hfb-below-header-display":"","ast-hfb-mobile-header-display":"","site-post-title":"disabled","ast-breadcrumbs-content":"","ast-featured-img":"disabled","footer-sml-layout":"","ast-disable-related-posts":"","theme-transparent-header-meta":"","adv-header-id-meta":"","stick-header-meta":"","header-above-stick-meta":"","header-main-stick-meta":"","header-below-stick-meta":"","astra-migrate-meta-layouts":"default","ast-page-background-enabled":"default","ast-page-background-meta":{"desktop":{"background-color":"","background-image":"","background-repeat":"repeat","background-position":"center center","background-size":"auto","background-attachment":"scroll","background-type":"","background-media":"","overlay-type":"","overlay-color":"","overlay-opacity":"","overlay-gradient":""},"tablet":{"background-color":"","background-image":"","background-repeat":"repeat","background-position":"center center","background-size":"auto","background-attachment":"scroll","background-type":"","background-media":"","overlay-type":"","overlay-color":"","overlay-opacity":"","overlay-gradient":""},"mobile":{"background-color":"","background-image":"","background-repeat":"repeat","background-position":"center center","background-size":"auto","background-attachment":"scroll","background-type":"","background-media":"","overlay-type":"","overlay-color":"","overlay-opacity":"","overlay-gradient":""}},"ast-content-background-meta":{"desktop":{"background-color":"var(--ast-global-color-5)","background-image":"","background-repeat":"repeat","background-position":"center center","background-size":"auto","background-attachment":"scroll","background-type":"","background-media":"","overlay-type":"","overlay-color":"","overlay-opacity":"","overlay-gradient":""},"tablet":{"background-color":"var(--ast-global-color-5)","background-image":"","background-repeat":"repeat","background-position":"center center","background-size":"auto","background-attachment":"scroll","background-type":"","background-media":"","overlay-type":"","overlay-color":"","overlay-opacity":"","overlay-gradient":""},"mobile":{"background-color":"var(--ast-global-color-5)","background-image":"","background-repeat":"repeat","background-position":"center center","background-size":"auto","background-attachment":"scroll","background-type":"","background-media":"","overlay-type":"","overlay-color":"","overlay-opacity":"","overlay-gradient":""}},"footnotes":""},"class_list":["post-34055","page","type-page","status-publish","hentry"],"_links":{"self":[{"href":"https:\/\/bhebylon.store\/fr\/wp-json\/wp\/v2\/pages\/34055","targetHints":{"allow":["GET"]}}],"collection":[{"href":"https:\/\/bhebylon.store\/fr\/wp-json\/wp\/v2\/pages"}],"about":[{"href":"https:\/\/bhebylon.store\/fr\/wp-json\/wp\/v2\/types\/page"}],"author":[{"embeddable":true,"href":"https:\/\/bhebylon.store\/fr\/wp-json\/wp\/v2\/users\/1"}],"replies":[{"embeddable":true,"href":"https:\/\/bhebylon.store\/fr\/wp-json\/wp\/v2\/comments?post=34055"}],"version-history":[{"count":0,"href":"https:\/\/bhebylon.store\/fr\/wp-json\/wp\/v2\/pages\/34055\/revisions"}],"wp:attachment":[{"href":"https:\/\/bhebylon.store\/fr\/wp-json\/wp\/v2\/media?parent=34055"}],"curies":[{"name":"wp","href":"https:\/\/api.w.org\/{rel}","templated":true}]}}