{"id":32605,"date":"2024-05-16T16:29:23","date_gmt":"2024-05-16T12:29:23","guid":{"rendered":"https:\/\/bhebylon.store\/product\/photographie-pack-40\/"},"modified":"2025-01-13T18:09:50","modified_gmt":"2025-01-13T14:09:50","slug":"photographie-pack-40","status":"publish","type":"product","link":"https:\/\/bhebylon.store\/fr\/produit\/photographie-pack-40\/","title":{"rendered":"Photographie Pack 40"},"content":{"rendered":"<p>Nous organiserons une s\u00e9ance photo sur mesure pour pr\u00e9senter vos produits sous tous les angles. Que vous vendiez des v\u00eatements, des accessoires, des appareils \u00e9lectroniques ou des produits artisanaux, nous mettrons en valeur les caract\u00e9ristiques et les d\u00e9tails cl\u00e9s qui distinguent vos produits.<\/p>\n","protected":false},"excerpt":{"rendered":"<p>Am\u00e9liorez votre boutique gr\u00e2ce \u00e0 notre offre de photographie de produits, con\u00e7ue pour pr\u00e9senter vos produits sous leur meilleur jour et stimuler les ventes. Gr\u00e2ce \u00e0 notre souci du d\u00e9tail et \u00e0 notre sens de l&#8217;esth\u00e9tique, nous capturerons des images \u00e9tonnantes qui mettront en valeur les caract\u00e9ristiques uniques et le savoir-faire de vos produits.<\/p>\n","protected":false},"featured_media":27161,"template":"","meta":{"site-sidebar-layout":"default","site-content-layout":"","ast-site-content-layout":"default","site-content-style":"default","site-sidebar-style":"default","ast-global-header-display":"","ast-banner-title-visibility":"","ast-main-header-display":"","ast-hfb-above-header-display":"","ast-hfb-below-header-display":"","ast-hfb-mobile-header-display":"","site-post-title":"","ast-breadcrumbs-content":"","ast-featured-img":"","footer-sml-layout":"","ast-disable-related-posts":"","theme-transparent-header-meta":"default","adv-header-id-meta":"","stick-header-meta":"","header-above-stick-meta":"","header-main-stick-meta":"","header-below-stick-meta":"","astra-migrate-meta-layouts":"default","ast-page-background-enabled":"default","ast-page-background-meta":{"desktop":{"background-color":"","background-image":"","background-repeat":"repeat","background-position":"center center","background-size":"auto","background-attachment":"scroll","background-type":"","background-media":"","overlay-type":"","overlay-color":"","overlay-opacity":"","overlay-gradient":""},"tablet":{"background-color":"","background-image":"","background-repeat":"repeat","background-position":"center center","background-size":"auto","background-attachment":"scroll","background-type":"","background-media":"","overlay-type":"","overlay-color":"","overlay-opacity":"","overlay-gradient":""},"mobile":{"background-color":"","background-image":"","background-repeat":"repeat","background-position":"center center","background-size":"auto","background-attachment":"scroll","background-type":"","background-media":"","overlay-type":"","overlay-color":"","overlay-opacity":"","overlay-gradient":""}},"ast-content-background-meta":{"desktop":{"background-color":"var(--ast-global-color-5)","background-image":"","background-repeat":"repeat","background-position":"center center","background-size":"auto","background-attachment":"scroll","background-type":"","background-media":"","overlay-type":"","overlay-color":"","overlay-opacity":"","overlay-gradient":""},"tablet":{"background-color":"var(--ast-global-color-5)","background-image":"","background-repeat":"repeat","background-position":"center center","background-size":"auto","background-attachment":"scroll","background-type":"","background-media":"","overlay-type":"","overlay-color":"","overlay-opacity":"","overlay-gradient":""},"mobile":{"background-color":"var(--ast-global-color-5)","background-image":"","background-repeat":"repeat","background-position":"center center","background-size":"auto","background-attachment":"scroll","background-type":"","background-media":"","overlay-type":"","overlay-color":"","overlay-opacity":"","overlay-gradient":""}}},"product_brand":[],"product_cat":[4853],"product_tag":[],"class_list":{"0":"post-32605","1":"product","2":"type-product","3":"status-publish","4":"has-post-thumbnail","6":"product_cat-services-fr","7":"desktop-align-center","8":"tablet-align-left","9":"mobile-align-left","11":"first","12":"instock","13":"virtual","14":"purchasable","15":"product-type-simple"},"_links":{"self":[{"href":"https:\/\/bhebylon.store\/fr\/wp-json\/wp\/v2\/product\/32605","targetHints":{"allow":["GET"]}}],"collection":[{"href":"https:\/\/bhebylon.store\/fr\/wp-json\/wp\/v2\/product"}],"about":[{"href":"https:\/\/bhebylon.store\/fr\/wp-json\/wp\/v2\/types\/product"}],"wp:featuredmedia":[{"embeddable":true,"href":"https:\/\/bhebylon.store\/fr\/wp-json\/wp\/v2\/media\/27161"}],"wp:attachment":[{"href":"https:\/\/bhebylon.store\/fr\/wp-json\/wp\/v2\/media?parent=32605"}],"wp:term":[{"taxonomy":"product_brand","embeddable":true,"href":"https:\/\/bhebylon.store\/fr\/wp-json\/wp\/v2\/product_brand?post=32605"},{"taxonomy":"product_cat","embeddable":true,"href":"https:\/\/bhebylon.store\/fr\/wp-json\/wp\/v2\/product_cat?post=32605"},{"taxonomy":"product_tag","embeddable":true,"href":"https:\/\/bhebylon.store\/fr\/wp-json\/wp\/v2\/product_tag?post=32605"}],"curies":[{"name":"wp","href":"https:\/\/api.w.org\/{rel}","templated":true}]}}