{"id":34009,"date":"2024-07-24T02:09:43","date_gmt":"2024-07-23T22:09:43","guid":{"rendered":"https:\/\/bhebylon.store\/product\/carte-cadeau-joyeux-noel\/"},"modified":"2025-03-22T22:29:28","modified_gmt":"2025-03-22T18:29:28","slug":"carte-cadeau-joyeux-noel","status":"publish","type":"product","link":"https:\/\/bhebylon.store\/fr\/produit\/carte-cadeau-joyeux-noel\/","title":{"rendered":"Carte Cadeau &#8211; Joyeux No\u00ebl"},"content":{"rendered":"<p>Qu&#8217;est-ce qu&#8217;une carte cadeau ?<\/p>\n<p>Une carte cadeau est une carte virtuelle que vous pouvez envoyer \u00e0 un ami, un membre de votre famille, un amoureux, un professeur ou n&#8217;importe qui d&#8217;autre, en lui offrant un bon du montant de votre choix \u00e0 d\u00e9penser sur Bhebylon.store accompagn\u00e9 d&#8217;une note sp\u00e9ciale.<\/p>\n<p>Comment cela fonctionne-t-il ?<\/p>\n<p>Vous pouvez choisir une carte cadeau pour c\u00e9l\u00e9brer un anniversaire, un \u00e9v\u00e9nement sp\u00e9cial, une c\u00e9r\u00e9monie de remise de dipl\u00f4me ou tout autre type d&#8217;\u00e9v\u00e9nement. Vous choisissez ensuite le montant que vous souhaitez que le destinataire re\u00e7oive. Le montant varie de 500 \u00e0 10 000 roupies ou plus. Vous achetez la carte-cadeau et le destinataire la re\u00e7oit dans sa bo\u00eete aux lettres. (Veillez \u00e0 saisir une adresse \u00e9lectronique valide).<\/p>\n<p>Vous avez \u00e9galement la possibilit\u00e9 de choisir une date de livraison sp\u00e9cifique pour envoyer la carte-cadeau virtuelle \u00e0 la personne concern\u00e9e.<\/p>\n<p>Lorsque le destinataire recevra votre carte-cadeau, votre message et votre nom appara\u00eetront.<\/p>\n<p>Un code est joint \u00e0 cet e-mail.<\/p>\n<p>Le destinataire pourra appliquer ce code au moment de passer \u00e0 la caisse.<\/p>\n<p>Les produits peuvent \u00eatre achet\u00e9s aupr\u00e8s de n&#8217;importe quel vendeur sur le site.<\/p>\n<p>Remarque : si, lors du paiement, le montant total est sup\u00e9rieur au montant de la carte, le destinataire devra payer le montant restant avec le mode de paiement de son choix.<\/p>\n<p>Le b\u00e9n\u00e9ficiaire doit-il d\u00e9penser le montant en une seule fois ?<\/p>\n<p>Non. Le b\u00e9n\u00e9ficiaire peut choisir de d\u00e9penser le montant de la carte-cadeau, il peut le d\u00e9penser en une seule fois ou il peut choisir de d\u00e9penser le montant en plusieurs fois pour un montant total sur la carte-cadeau.<\/p>\n<p>Par exemple, si vous envoyez \u00e0 quelqu&#8217;un une carte de 1000 roupies, le destinataire peut d\u00e9penser 300 roupies, 450 roupies et 250 roupies, soit un total de 1000 roupies, chaque fois qu&#8217;il aime un produit.<\/p>\n<p>La validit\u00e9 de la carte est de 365 jours. Apr\u00e8s la date d&#8217;expiration de la carte, le destinataire ne pourra plus l&#8217;utiliser.<\/p>\n<p>Mais nous sommes s\u00fbrs que le b\u00e9n\u00e9ficiaire aura plusieurs occasions de se faire plaisir et d&#8217;acheter quelque chose qu&#8217;il aime.<\/p>\n","protected":false},"excerpt":{"rendered":"<p>Pendant les f\u00eates de fin d&#8217;ann\u00e9e, vous redoublez d&#8217;efforts pour faire plaisir \u00e0 vos amis et \u00e0 votre famille en leur offrant le cadeau &#8216;parfait&#8217;. Cependant, cela vous demande beaucoup d&#8217;efforts. Ne vous inqui\u00e9tez plus. Laissez vos amis et votre famille choisir leurs cadeaux parfaits et faites les livrer. Vous \u00eates content et ils sont contents.<\/p>\n","protected":false},"featured_media":30235,"template":"","meta":{"site-sidebar-layout":"default","site-content-layout":"","ast-site-content-layout":"default","site-content-style":"default","site-sidebar-style":"default","ast-global-header-display":"","ast-banner-title-visibility":"","ast-main-header-display":"","ast-hfb-above-header-display":"","ast-hfb-below-header-display":"","ast-hfb-mobile-header-display":"","site-post-title":"","ast-breadcrumbs-content":"","ast-featured-img":"","footer-sml-layout":"","ast-disable-related-posts":"","theme-transparent-header-meta":"default","adv-header-id-meta":"","stick-header-meta":"","header-above-stick-meta":"","header-main-stick-meta":"","header-below-stick-meta":"","astra-migrate-meta-layouts":"set","ast-page-background-enabled":"default","ast-page-background-meta":{"desktop":{"background-color":"","background-image":"","background-repeat":"repeat","background-position":"center center","background-size":"auto","background-attachment":"scroll","background-type":"","background-media":"","overlay-type":"","overlay-color":"","overlay-opacity":"","overlay-gradient":""},"tablet":{"background-color":"","background-image":"","background-repeat":"repeat","background-position":"center center","background-size":"auto","background-attachment":"scroll","background-type":"","background-media":"","overlay-type":"","overlay-color":"","overlay-opacity":"","overlay-gradient":""},"mobile":{"background-color":"","background-image":"","background-repeat":"repeat","background-position":"center center","background-size":"auto","background-attachment":"scroll","background-type":"","background-media":"","overlay-type":"","overlay-color":"","overlay-opacity":"","overlay-gradient":""}},"ast-content-background-meta":{"desktop":{"background-color":"var(--ast-global-color-5)","background-image":"","background-repeat":"repeat","background-position":"center center","background-size":"auto","background-attachment":"scroll","background-type":"","background-media":"","overlay-type":"","overlay-color":"","overlay-opacity":"","overlay-gradient":""},"tablet":{"background-color":"var(--ast-global-color-5)","background-image":"","background-repeat":"repeat","background-position":"center center","background-size":"auto","background-attachment":"scroll","background-type":"","background-media":"","overlay-type":"","overlay-color":"","overlay-opacity":"","overlay-gradient":""},"mobile":{"background-color":"var(--ast-global-color-5)","background-image":"","background-repeat":"repeat","background-position":"center center","background-size":"auto","background-attachment":"scroll","background-type":"","background-media":"","overlay-type":"","overlay-color":"","overlay-opacity":"","overlay-gradient":""}}},"product_brand":[],"product_cat":[6438,6594],"product_tag":[],"class_list":{"0":"post-34009","1":"product","2":"type-product","3":"status-publish","4":"has-post-thumbnail","6":"product_cat-carte-cadeau","7":"product_cat-joyeux-noel","8":"desktop-align-center","9":"tablet-align-left","10":"mobile-align-left","12":"first","13":"instock","14":"shipping-taxable","15":"purchasable","16":"product-type-pw-gift-card"},"_links":{"self":[{"href":"https:\/\/bhebylon.store\/fr\/wp-json\/wp\/v2\/product\/34009","targetHints":{"allow":["GET"]}}],"collection":[{"href":"https:\/\/bhebylon.store\/fr\/wp-json\/wp\/v2\/product"}],"about":[{"href":"https:\/\/bhebylon.store\/fr\/wp-json\/wp\/v2\/types\/product"}],"wp:featuredmedia":[{"embeddable":true,"href":"https:\/\/bhebylon.store\/fr\/wp-json\/wp\/v2\/media\/30235"}],"wp:attachment":[{"href":"https:\/\/bhebylon.store\/fr\/wp-json\/wp\/v2\/media?parent=34009"}],"wp:term":[{"taxonomy":"product_brand","embeddable":true,"href":"https:\/\/bhebylon.store\/fr\/wp-json\/wp\/v2\/product_brand?post=34009"},{"taxonomy":"product_cat","embeddable":true,"href":"https:\/\/bhebylon.store\/fr\/wp-json\/wp\/v2\/product_cat?post=34009"},{"taxonomy":"product_tag","embeddable":true,"href":"https:\/\/bhebylon.store\/fr\/wp-json\/wp\/v2\/product_tag?post=34009"}],"curies":[{"name":"wp","href":"https:\/\/api.w.org\/{rel}","templated":true}]}}